{"id":38,"date":"2025-02-06T09:32:00","date_gmt":"2025-02-06T09:32:00","guid":{"rendered":"https:\/\/utopia2.be\/contacts\/"},"modified":"2025-02-06T09:32:00","modified_gmt":"2025-02-06T09:32:00","slug":"contacts","status":"publish","type":"page","link":"https:\/\/utopia2.be\/ro\/contacts\/","title":{"rendered":"Contacte"},"content":{"rendered":"<p>Ne-ar pl\u0103cea s\u0103 primim \u00eentreb\u0103rile, sugestiile \u0219i comentariile dumneavoastr\u0103 cu privire la articolele \u0219i produsele noastre de mod\u0103. Dac\u0103 ave\u021bi nel\u0103muriri sau solicit\u0103ri specifice, v\u0103 rug\u0103m s\u0103 nu ezita\u021bi s\u0103 ne trimite\u021bi un mesaj. Ne angaj\u0103m s\u0103 r\u0103spundem c\u00e2t mai repede posibil.<\/p>\n<h2>Trimite\u021bi-ne un mesaj<\/h2>\n<p>Ave\u021bi \u00eentreb\u0103ri sau sugestii? V\u0103 rug\u0103m s\u0103 completa\u021bi formularul de mai jos \u0219i v\u0103 vom r\u0103spunde \u00een scurt timp!<\/p>\n<form action=\"mailto:contact@utopia2.be\" method=\"POST\" enctype=\"text\/plain\" data-trp-original-action=\"mailto:contact@utopia2.be\">\n      <label for=\"name\">Numele dumneavoastr\u0103:<\/label><br \/>\n      <input type=\"text\" id=\"name\" name=\"name\" required><\/p>\n<p>      <label for=\"email\">Adresa dvs. de e-mail:<\/label><br \/>\n      <input type=\"email\" id=\"email\" name=\"email\" required><\/p>\n<p>      <label for=\"message\">Mesajul dvs:<\/label><br \/>\n      <textarea id=\"message\" name=\"message\" rows=\"4\" cols=\"50\" required><\/textarea><\/p>\n<p>      <button type=\"submit\">Trimite<\/button><br \/>\n    <input type=\"hidden\" name=\"trp-form-language\" value=\"ro\"\/><\/form>","protected":false},"excerpt":{"rendered":"<p>Ne-ar pl\u0103cea s\u0103 auzim \u00eentreb\u0103rile, sugestiile \u0219i comentariile dumneavoastr\u0103 despre articolele \u0219i produsele noastre de mod\u0103. Dac\u0103 ave\u021bi nel\u0103muriri sau solicit\u0103ri specifice, v\u0103 rug\u0103m s\u0103 nu ezita\u021bi s\u0103 ne trimite\u021bi un mesaj. Promitem s\u0103 v\u0103 r\u0103spundem c\u00e2t mai repede posibil. Trimite\u021bi-ne un mesaj Ave\u021bi \u00eentreb\u0103ri sau sugestii? V\u0103 rug\u0103m s\u0103 completa\u021bi [\u2026]<\/p>","protected":false},"author":1,"featured_media":0,"parent":0,"menu_order":0,"comment_status":"closed","ping_status":"closed","template":"","meta":{"_acf_changed":false,"footnotes":""},"class_list":["post-38","page","type-page","status-publish","hentry"],"acf":[],"yoast_head":"<!-- This site is optimized with the Yoast SEO plugin v23.2 - https:\/\/yoast.com\/wordpress\/plugins\/seo\/ -->\n<title>Contacts - utopia2.be<\/title>\n<meta name=\"description\" content=\"Contactez notre \u00e9quipe pour toutes questions ou suggestions sur la mode et nos produits. Votre avis compte pour nous!\" \/>\n<meta name=\"robots\" content=\"index, follow, max-snippet:-1, max-image-preview:large, max-video-preview:-1\" \/>\n<link rel=\"canonical\" href=\"https:\/\/utopia2.be\/ro\/contacts\/\" \/>\n<meta property=\"og:locale\" content=\"ro_RO\" \/>\n<meta property=\"og:type\" content=\"article\" \/>\n<meta property=\"og:title\" content=\"Contacts - utopia2.be\" \/>\n<meta property=\"og:description\" content=\"Contactez notre \u00e9quipe pour toutes questions ou suggestions sur la mode et nos produits. Votre avis compte pour nous!\" \/>\n<meta property=\"og:url\" content=\"https:\/\/utopia2.be\/ro\/contacts\/\" \/>\n<meta property=\"og:site_name\" content=\"utopia2.be\" \/>\n<meta name=\"twitter:card\" content=\"summary_large_image\" \/>\n<script type=\"application\/ld+json\" class=\"yoast-schema-graph\">{\"@context\":\"https:\/\/schema.org\",\"@graph\":[{\"@type\":\"WebPage\",\"@id\":\"https:\/\/utopia2.be\/contacts\/\",\"url\":\"https:\/\/utopia2.be\/contacts\/\",\"name\":\"Contacts - utopia2.be\",\"isPartOf\":{\"@id\":\"https:\/\/utopia2.be\/#website\"},\"datePublished\":\"2025-02-06T09:32:00+00:00\",\"dateModified\":\"2025-02-06T09:32:00+00:00\",\"description\":\"Contactez notre \u00e9quipe pour toutes questions ou suggestions sur la mode et nos produits. Votre avis compte pour nous!\",\"breadcrumb\":{\"@id\":\"https:\/\/utopia2.be\/contacts\/#breadcrumb\"},\"inLanguage\":\"ro-RO\",\"potentialAction\":[{\"@type\":\"ReadAction\",\"target\":[\"https:\/\/utopia2.be\/contacts\/\"]}]},{\"@type\":\"BreadcrumbList\",\"@id\":\"https:\/\/utopia2.be\/contacts\/#breadcrumb\",\"itemListElement\":[{\"@type\":\"ListItem\",\"position\":1,\"name\":\"Home\",\"item\":\"https:\/\/utopia2.be\/\"},{\"@type\":\"ListItem\",\"position\":2,\"name\":\"Contacts\"}]},{\"@type\":\"WebSite\",\"@id\":\"https:\/\/utopia2.be\/#website\",\"url\":\"https:\/\/utopia2.be\/\",\"name\":\"utopia2.be\",\"description\":\"Habillez-vous avec Go\u00fbt | Id\u00e9es et inspirations pour \u00eatre toujours \u00e9l\u00e9gant et styl\u00e9\",\"potentialAction\":[{\"@type\":\"SearchAction\",\"target\":{\"@type\":\"EntryPoint\",\"urlTemplate\":\"https:\/\/utopia2.be\/?s={search_term_string}\"},\"query-input\":\"required name=search_term_string\"}],\"inLanguage\":\"ro-RO\"}]}<\/script>\n<!-- \/ Yoast SEO plugin. -->","yoast_head_json":{"title":"Contacts - utopia2.be","description":"Contactez notre \u00e9quipe pour toutes questions ou suggestions sur la mode et nos produits. Votre avis compte pour nous!","robots":{"index":"index","follow":"follow","max-snippet":"max-snippet:-1","max-image-preview":"max-image-preview:large","max-video-preview":"max-video-preview:-1"},"canonical":"https:\/\/utopia2.be\/ro\/contacts\/","og_locale":"ro_RO","og_type":"article","og_title":"Contacts - utopia2.be","og_description":"Contactez notre \u00e9quipe pour toutes questions ou suggestions sur la mode et nos produits. Votre avis compte pour nous!","og_url":"https:\/\/utopia2.be\/ro\/contacts\/","og_site_name":"utopia2.be","twitter_card":"summary_large_image","schema":{"@context":"https:\/\/schema.org","@graph":[{"@type":"WebPage","@id":"https:\/\/utopia2.be\/contacts\/","url":"https:\/\/utopia2.be\/contacts\/","name":"Contacts - utopia2.be","isPartOf":{"@id":"https:\/\/utopia2.be\/#website"},"datePublished":"2025-02-06T09:32:00+00:00","dateModified":"2025-02-06T09:32:00+00:00","description":"Contactez notre \u00e9quipe pour toutes questions ou suggestions sur la mode et nos produits. Votre avis compte pour nous!","breadcrumb":{"@id":"https:\/\/utopia2.be\/contacts\/#breadcrumb"},"inLanguage":"ro-RO","potentialAction":[{"@type":"ReadAction","target":["https:\/\/utopia2.be\/contacts\/"]}]},{"@type":"BreadcrumbList","@id":"https:\/\/utopia2.be\/contacts\/#breadcrumb","itemListElement":[{"@type":"ListItem","position":1,"name":"Home","item":"https:\/\/utopia2.be\/"},{"@type":"ListItem","position":2,"name":"Contacts"}]},{"@type":"WebSite","@id":"https:\/\/utopia2.be\/#website","url":"https:\/\/utopia2.be\/","name":"utopia2.be","description":"Habillez-vous avec Go\u00fbt | Id\u00e9es et inspirations pour \u00eatre toujours \u00e9l\u00e9gant et styl\u00e9","potentialAction":[{"@type":"SearchAction","target":{"@type":"EntryPoint","urlTemplate":"https:\/\/utopia2.be\/?s={search_term_string}"},"query-input":"required name=search_term_string"}],"inLanguage":"ro-RO"}]}},"yoast_meta":{"yoast_wpseo_title":"","yoast_wpseo_metadesc":"","yoast_wpseo_canonical":"https:\/\/utopia2.be\/ro\/wp-json\/wp\/v2\/pages\/38"},"_links":{"self":[{"href":"https:\/\/utopia2.be\/ro\/wp-json\/wp\/v2\/pages\/38","targetHints":{"allow":["GET"]}}],"collection":[{"href":"https:\/\/utopia2.be\/ro\/wp-json\/wp\/v2\/pages"}],"about":[{"href":"https:\/\/utopia2.be\/ro\/wp-json\/wp\/v2\/types\/page"}],"author":[{"embeddable":true,"href":"https:\/\/utopia2.be\/ro\/wp-json\/wp\/v2\/users\/1"}],"replies":[{"embeddable":true,"href":"https:\/\/utopia2.be\/ro\/wp-json\/wp\/v2\/comments?post=38"}],"version-history":[{"count":0,"href":"https:\/\/utopia2.be\/ro\/wp-json\/wp\/v2\/pages\/38\/revisions"}],"wp:attachment":[{"href":"https:\/\/utopia2.be\/ro\/wp-json\/wp\/v2\/media?parent=38"}],"curies":[{"name":"wp","href":"https:\/\/api.w.org\/{rel}","templated":true}]}}