{"id":37,"date":"2025-02-06T09:31:57","date_gmt":"2025-02-06T09:31:57","guid":{"rendered":"https:\/\/utopia2.be\/a-propos-de-nous\/"},"modified":"2025-02-06T14:27:42","modified_gmt":"2025-02-06T14:27:42","slug":"a-propos-de-nous","status":"publish","type":"page","link":"https:\/\/utopia2.be\/ro\/a-propos-de-nous\/","title":{"rendered":"Despre noi"},"content":{"rendered":"<h2>Moda ca form\u0103 de expresie<\/h2>\n<p>Utopia2 este un blog care celebreaz\u0103 individualitatea prin mod\u0103. Oferim articole inspira\u021bionale, analize ale tendin\u021belor actuale \u0219i sfaturi practice pentru a te ajuta s\u0103 creezi un stil care s\u0103 reflecte personalitatea ta. Aici, fiecare pies\u0103 vestimentar\u0103 devine o modalitate de a te exprima \u0219i de a-\u021bi afirma unicitatea.<\/p>\n<p><img loading=\"lazy\" decoding=\"async\" class=\"aligncenter wp-image-36 size-full\" src=\"https:\/\/utopia2.be\/wp-content\/uploads\/2025\/02\/zhenshhina-vysshego-klassa.jpg\" alt=\"\" width=\"612\" height=\"408\" srcset=\"https:\/\/utopia2.be\/wp-content\/uploads\/2025\/02\/zhenshhina-vysshego-klassa.jpg 612w, https:\/\/utopia2.be\/wp-content\/uploads\/2025\/02\/zhenshhina-vysshego-klassa-300x200.jpg 300w\" sizes=\"auto, (max-width: 612px) 100vw, 612px\" \/><\/p>\n<h2>De ce s\u0103 ne urma\u021bi?<\/h2>\n<ul>\n<li>Descifrarea celor mai recente tendin\u021be \u00een mod\u0103.<\/li>\n<li>Sfaturi pentru a combina confortul cu elegan\u021ba.<\/li>\n<li>Caut\u0103 idei pentru fiecare ocazie \u0219i pentru fiecare anotimp.<\/li>\n<li>Descoper\u0103 branduri \u0219i designeri originali.<\/li>\n<li>Reflec\u021bii asupra modei \u0219i impactului acesteia asupra societ\u0103\u021bii.<\/li>\n<\/ul>\n<h2>Construie\u0219te-\u021bi stilul cu Utopia2<\/h2>\n<p>Utopia2 nu este doar un blog, ci o adev\u0103rat\u0103 surs\u0103 de inspira\u021bie pentru cei care vor s\u0103-\u0219i reinventeze garderoba. \u00ce\u021bi oferim o abordare original\u0103 a modei, combin\u00e2nd sfaturi practice \u0219i inspira\u021bie creativ\u0103, astfel \u00eenc\u00e2t s\u0103 \u00ee\u021bi po\u021bi exprima pe deplin personalitatea prin \u021binutele tale.<\/p>","protected":false},"excerpt":{"rendered":"<p>Moda ca form\u0103 de exprimare Utopia2 este un blog care celebreaz\u0103 individualitatea prin mod\u0103. Oferim articole inspira\u021bionale, analize ale tendin\u021belor actuale \u0219i sfaturi practice pentru a te ajuta s\u0103 creezi un stil care s\u0103 reflecte personalitatea ta. Aici, fiecare articol vestimentar devine o modalitate de a te exprima \u0219i de a-\u021bi afirma unicitatea. De ce [\u2026]<\/p>","protected":false},"author":1,"featured_media":0,"parent":0,"menu_order":0,"comment_status":"closed","ping_status":"closed","template":"","meta":{"_acf_changed":false,"footnotes":""},"class_list":["post-37","page","type-page","status-publish","hentry"],"acf":[],"yoast_head":"<!-- This site is optimized with the Yoast SEO plugin v23.2 - https:\/\/yoast.com\/wordpress\/plugins\/seo\/ -->\n<title>\u00c0 propos de nous - utopia2.be<\/title>\n<meta name=\"description\" content=\"Utopia2 est un blog sur la mode et les v\u00eatements. Explorez des conseils de style, tendances et inspirations pour exprimer votre unicit\u00e9 \u00e0 travers vos tenues.\" \/>\n<meta name=\"robots\" content=\"index, follow, max-snippet:-1, max-image-preview:large, max-video-preview:-1\" \/>\n<link rel=\"canonical\" href=\"https:\/\/utopia2.be\/ro\/a-propos-de-nous\/\" \/>\n<meta property=\"og:locale\" content=\"ro_RO\" \/>\n<meta property=\"og:type\" content=\"article\" \/>\n<meta property=\"og:title\" content=\"\u00c0 propos de nous - utopia2.be\" \/>\n<meta property=\"og:description\" content=\"Utopia2 est un blog sur la mode et les v\u00eatements. Explorez des conseils de style, tendances et inspirations pour exprimer votre unicit\u00e9 \u00e0 travers vos tenues.\" \/>\n<meta property=\"og:url\" content=\"https:\/\/utopia2.be\/ro\/a-propos-de-nous\/\" \/>\n<meta property=\"og:site_name\" content=\"utopia2.be\" \/>\n<meta property=\"article:modified_time\" content=\"2025-02-06T14:27:42+00:00\" \/>\n<meta property=\"og:image\" content=\"https:\/\/utopia2.be\/wp-content\/uploads\/2025\/02\/zhenshhina-vysshego-klassa.jpg\" \/>\n<meta name=\"twitter:card\" content=\"summary_large_image\" \/>\n<meta name=\"twitter:label1\" content=\"Timp estimat pentru citire\" \/>\n\t<meta name=\"twitter:data1\" content=\"2 minute\" \/>\n<script type=\"application\/ld+json\" class=\"yoast-schema-graph\">{\"@context\":\"https:\/\/schema.org\",\"@graph\":[{\"@type\":\"WebPage\",\"@id\":\"https:\/\/utopia2.be\/a-propos-de-nous\/\",\"url\":\"https:\/\/utopia2.be\/a-propos-de-nous\/\",\"name\":\"\u00c0 propos de nous - utopia2.be\",\"isPartOf\":{\"@id\":\"https:\/\/utopia2.be\/#website\"},\"primaryImageOfPage\":{\"@id\":\"https:\/\/utopia2.be\/a-propos-de-nous\/#primaryimage\"},\"image\":{\"@id\":\"https:\/\/utopia2.be\/a-propos-de-nous\/#primaryimage\"},\"thumbnailUrl\":\"https:\/\/utopia2.be\/wp-content\/uploads\/2025\/02\/zhenshhina-vysshego-klassa.jpg\",\"datePublished\":\"2025-02-06T09:31:57+00:00\",\"dateModified\":\"2025-02-06T14:27:42+00:00\",\"description\":\"Utopia2 est un blog sur la mode et les v\u00eatements. Explorez des conseils de style, tendances et inspirations pour exprimer votre unicit\u00e9 \u00e0 travers vos tenues.\",\"breadcrumb\":{\"@id\":\"https:\/\/utopia2.be\/a-propos-de-nous\/#breadcrumb\"},\"inLanguage\":\"ro-RO\",\"potentialAction\":[{\"@type\":\"ReadAction\",\"target\":[\"https:\/\/utopia2.be\/a-propos-de-nous\/\"]}]},{\"@type\":\"ImageObject\",\"inLanguage\":\"ro-RO\",\"@id\":\"https:\/\/utopia2.be\/a-propos-de-nous\/#primaryimage\",\"url\":\"https:\/\/utopia2.be\/wp-content\/uploads\/2025\/02\/zhenshhina-vysshego-klassa.jpg\",\"contentUrl\":\"https:\/\/utopia2.be\/wp-content\/uploads\/2025\/02\/zhenshhina-vysshego-klassa.jpg\"},{\"@type\":\"BreadcrumbList\",\"@id\":\"https:\/\/utopia2.be\/a-propos-de-nous\/#breadcrumb\",\"itemListElement\":[{\"@type\":\"ListItem\",\"position\":1,\"name\":\"Home\",\"item\":\"https:\/\/utopia2.be\/\"},{\"@type\":\"ListItem\",\"position\":2,\"name\":\"\u00c0 propos de nous\"}]},{\"@type\":\"WebSite\",\"@id\":\"https:\/\/utopia2.be\/#website\",\"url\":\"https:\/\/utopia2.be\/\",\"name\":\"utopia2.be\",\"description\":\"Habillez-vous avec Go\u00fbt | Id\u00e9es et inspirations pour \u00eatre toujours \u00e9l\u00e9gant et styl\u00e9\",\"potentialAction\":[{\"@type\":\"SearchAction\",\"target\":{\"@type\":\"EntryPoint\",\"urlTemplate\":\"https:\/\/utopia2.be\/?s={search_term_string}\"},\"query-input\":\"required name=search_term_string\"}],\"inLanguage\":\"ro-RO\"}]}<\/script>\n<!-- \/ Yoast SEO plugin. -->","yoast_head_json":{"title":"\u00c0 propos de nous - utopia2.be","description":"Utopia2 est un blog sur la mode et les v\u00eatements. Explorez des conseils de style, tendances et inspirations pour exprimer votre unicit\u00e9 \u00e0 travers vos tenues.","robots":{"index":"index","follow":"follow","max-snippet":"max-snippet:-1","max-image-preview":"max-image-preview:large","max-video-preview":"max-video-preview:-1"},"canonical":"https:\/\/utopia2.be\/ro\/a-propos-de-nous\/","og_locale":"ro_RO","og_type":"article","og_title":"\u00c0 propos de nous - utopia2.be","og_description":"Utopia2 est un blog sur la mode et les v\u00eatements. Explorez des conseils de style, tendances et inspirations pour exprimer votre unicit\u00e9 \u00e0 travers vos tenues.","og_url":"https:\/\/utopia2.be\/ro\/a-propos-de-nous\/","og_site_name":"utopia2.be","article_modified_time":"2025-02-06T14:27:42+00:00","og_image":[{"url":"https:\/\/utopia2.be\/wp-content\/uploads\/2025\/02\/zhenshhina-vysshego-klassa.jpg"}],"twitter_card":"summary_large_image","twitter_misc":{"Timp estimat pentru citire":"2 minute"},"schema":{"@context":"https:\/\/schema.org","@graph":[{"@type":"WebPage","@id":"https:\/\/utopia2.be\/a-propos-de-nous\/","url":"https:\/\/utopia2.be\/a-propos-de-nous\/","name":"\u00c0 propos de nous - utopia2.be","isPartOf":{"@id":"https:\/\/utopia2.be\/#website"},"primaryImageOfPage":{"@id":"https:\/\/utopia2.be\/a-propos-de-nous\/#primaryimage"},"image":{"@id":"https:\/\/utopia2.be\/a-propos-de-nous\/#primaryimage"},"thumbnailUrl":"https:\/\/utopia2.be\/wp-content\/uploads\/2025\/02\/zhenshhina-vysshego-klassa.jpg","datePublished":"2025-02-06T09:31:57+00:00","dateModified":"2025-02-06T14:27:42+00:00","description":"Utopia2 est un blog sur la mode et les v\u00eatements. Explorez des conseils de style, tendances et inspirations pour exprimer votre unicit\u00e9 \u00e0 travers vos tenues.","breadcrumb":{"@id":"https:\/\/utopia2.be\/a-propos-de-nous\/#breadcrumb"},"inLanguage":"ro-RO","potentialAction":[{"@type":"ReadAction","target":["https:\/\/utopia2.be\/a-propos-de-nous\/"]}]},{"@type":"ImageObject","inLanguage":"ro-RO","@id":"https:\/\/utopia2.be\/a-propos-de-nous\/#primaryimage","url":"https:\/\/utopia2.be\/wp-content\/uploads\/2025\/02\/zhenshhina-vysshego-klassa.jpg","contentUrl":"https:\/\/utopia2.be\/wp-content\/uploads\/2025\/02\/zhenshhina-vysshego-klassa.jpg"},{"@type":"BreadcrumbList","@id":"https:\/\/utopia2.be\/a-propos-de-nous\/#breadcrumb","itemListElement":[{"@type":"ListItem","position":1,"name":"Home","item":"https:\/\/utopia2.be\/"},{"@type":"ListItem","position":2,"name":"\u00c0 propos de nous"}]},{"@type":"WebSite","@id":"https:\/\/utopia2.be\/#website","url":"https:\/\/utopia2.be\/","name":"utopia2.be","description":"Habillez-vous avec Go\u00fbt | Id\u00e9es et inspirations pour \u00eatre toujours \u00e9l\u00e9gant et styl\u00e9","potentialAction":[{"@type":"SearchAction","target":{"@type":"EntryPoint","urlTemplate":"https:\/\/utopia2.be\/?s={search_term_string}"},"query-input":"required name=search_term_string"}],"inLanguage":"ro-RO"}]}},"yoast_meta":{"yoast_wpseo_title":"","yoast_wpseo_metadesc":"","yoast_wpseo_canonical":"https:\/\/utopia2.be\/ro\/wp-json\/wp\/v2\/pages\/37"},"_links":{"self":[{"href":"https:\/\/utopia2.be\/ro\/wp-json\/wp\/v2\/pages\/37","targetHints":{"allow":["GET"]}}],"collection":[{"href":"https:\/\/utopia2.be\/ro\/wp-json\/wp\/v2\/pages"}],"about":[{"href":"https:\/\/utopia2.be\/ro\/wp-json\/wp\/v2\/types\/page"}],"author":[{"embeddable":true,"href":"https:\/\/utopia2.be\/ro\/wp-json\/wp\/v2\/users\/1"}],"replies":[{"embeddable":true,"href":"https:\/\/utopia2.be\/ro\/wp-json\/wp\/v2\/comments?post=37"}],"version-history":[{"count":1,"href":"https:\/\/utopia2.be\/ro\/wp-json\/wp\/v2\/pages\/37\/revisions"}],"predecessor-version":[{"id":45,"href":"https:\/\/utopia2.be\/ro\/wp-json\/wp\/v2\/pages\/37\/revisions\/45"}],"wp:attachment":[{"href":"https:\/\/utopia2.be\/ro\/wp-json\/wp\/v2\/media?parent=37"}],"curies":[{"name":"wp","href":"https:\/\/api.w.org\/{rel}","templated":true}]}}